{"id":87,"date":"2015-02-27T17:31:58","date_gmt":"2015-02-27T16:31:58","guid":{"rendered":"http:\/\/blogs.eleves.ens.fr\/stagem1phy13\/?page_id=87"},"modified":"2015-04-21T05:21:26","modified_gmt":"2015-04-21T04:21:26","slug":"accueil","status":"publish","type":"page","link":"https:\/\/blogs.eleves.ens.fr\/stagem1phy13\/","title":{"rendered":"Page d&rsquo;accueil"},"content":{"rendered":"<p>Bonjour \u00e0 tous,<\/p>\n<p>Ceci est le blog des physiciens en M1 \u00e0 l&rsquo;ENS qui sont actuellement en stage. Pour en savoir plus, <a title=\"Lancement du blog\" href=\"http:\/\/blogs.eleves.ens.fr\/stagem1phy13\/2015\/02\/27\/lancement-du-blog\/\">lisez l&rsquo;article de lancement du blog<\/a>.<\/p>\n<p>Ce blog centralise aussi des <a title=\"Conseils pour les L3\" href=\"http:\/\/blogs.eleves.ens.fr\/stagem1phy13\/conseils-pour-les-l3\/\">conseils pour les actuels L3<\/a> qui auront eux aussi \u00e0 faire un stage l&rsquo;an prochain.<\/p>\n<hr \/>\n<p>Mais voici sans attendre les pr\u00e9sentations des diff\u00e9rents acteurs !<\/p>\n<ul>\n<li><a href=\"http:\/\/blogs.eleves.ens.fr\/stagem1phy13\/category\/adrien\/\"><strong>Adrien<\/strong><\/a> &#8211; <em>\u00ab\u00a0Cold spot du font diffus cosmologique\u00a0\u00bb<\/em>, Canada France Hawai Telescope &#8211; Hawai &#8211; \u00c9tats-Unis ; Adrien \u00e9crit ses articles <a href=\"http:\/\/lesnormaliensfontduski.e-monsite.com\/blog\/do\/author\/54ccf8601ffb56c51f589325\/\">ici<\/a>.<\/li>\n<li><a href=\"http:\/\/blogs.eleves.ens.fr\/stagem1phy13\/category\/alexis\/\"><strong>Alexis<\/strong><\/a> &#8211; <em>\u00ab\u00a0\u00c9tude num\u00e9rique de la transition vitreuse et du jamming\u00a0\u00bb<\/em>, University of Oregon &#8211; Eugene, OR &#8211; \u00c9tats-Unis<\/li>\n<li><a href=\"http:\/\/blogs.eleves.ens.fr\/stagem1phy13\/category\/annette\/\"><strong>Annette<\/strong><\/a> &#8211; <em>\u00ab\u00a0\u00c9tude num\u00e9rique de la pr\u00e9dation collective dans les mod\u00e8les proie-pr\u00e9dateur\u00a0\u00bb<\/em>, Porto Alegre &#8211; Br\u00e9sil<\/li>\n<li><strong><a href=\"http:\/\/blogs.eleves.ens.fr\/stagem1phy13\/category\/benjamin\/\">Benjamin<\/a><\/strong> &#8211;\u00a0<em>\u00ab\u00a0Biophysique\u00a0\u00bb,\u00a0UCSD &#8211;\u00a0<\/em>San Diego, CA &#8211; \u00c9tats-Unis<\/li>\n<li><a href=\"http:\/\/blogs.eleves.ens.fr\/stagem1phy13\/category\/articles-de-benoit\/\"><strong>Beno\u00eet<\/strong><\/a> &#8211; <em>\u00ab\u00a0Mesure de l&rsquo;onde hybride basse dans un tokamak sph\u00e9rique\u00a0\u00bb<\/em>, University of Tokyo &#8211; Kashiwa campus, Chiba &#8211; Japon<\/li>\n<li><a href=\"http:\/\/blogs.eleves.ens.fr\/stagem1phy13\/category\/articles-de-bill\/\"><strong>Bill<\/strong><\/a> &#8211; <em>\u00ab\u00a0Facteurs de transcription\u00a0\u00bb<\/em>, University of Queensland &#8211; Brisbane &#8211; Australie ; Bill \u00e9crit ses articles <a href=\"http:\/\/lesnormaliensfontduski.e-monsite.com\/blog\/do\/author\/54c56247804c00000002c698\/\">ici<\/a>.<\/li>\n<li><a href=\"http:\/\/blogs.eleves.ens.fr\/stagem1phy13\/category\/david\/\"><strong>David<\/strong><\/a> &#8211; <em>\u00ab\u00a0Physique statistique th\u00e9orique\u00a0\u00bb<\/em> &#8211; La Plata &#8211; Argentine<\/li>\n<li><strong>Van<\/strong> &#8211; <em>\u00ab\u00a0Interf\u00e9rom\u00e9trie Ramsey ultra-rapide en vue d&rsquo;impl\u00e9menter des portes de qbits avec des atomes froids\u00a0\u00bb<\/em>, KAIST &#8211; <span class=\"_5yl5\">Daejeon &#8211; Coree ; Van \u00e9crit ses articles <a href=\"http:\/\/lesnormaliensfontduski.e-monsite.com\/blog\/do\/author\/54d0f3920c854efae0ca3864\/\">ici<\/a>.<\/span><\/li>\n<\/ul>\n<p><a href=\"https:\/\/www.google.com\/maps\/d\/edit?mid=zcg0nXA8hP4A.k8AijwoYFvWo\">Et nous sommes m\u00eame sur une carte !<\/a><\/p>\n<hr \/>\n<p>Notons que d&rsquo;autres stagiaires, pas forc\u00e9ment physiciens d&rsquo;ailleurs, nous ont pr\u00e9c\u00e9d\u00e9 et ont cr\u00e9\u00e9 leur blog <a href=\"http:\/\/lesnormaliensfontduski.e-monsite.com\/blog\/\">ici<\/a>.<\/p>\n<p>N&rsquo;h\u00e9sitez pas \u00e0 participer au concours d&rsquo;\u00e9criture <a title=\"L'usage de la calculatrice n'est pas autoris\u00e9\" href=\"http:\/\/blogs.eleves.ens.fr\/concourscalculatrice\/\">ici<\/a>.<\/p>\n","protected":false},"excerpt":{"rendered":"<p>Bonjour \u00e0 tous, Ceci est le blog des physiciens en M1 \u00e0 l&rsquo;ENS qui sont actuellement en stage. Pour en savoir plus, lisez l&rsquo;article de lancement du blog. Ce blog centralise aussi des conseils pour les actuels L3 qui auront eux aussi \u00e0 faire un stage l&rsquo;an prochain. Mais voici sans attendre les pr\u00e9sentations des &hellip; <a href=\"https:\/\/blogs.eleves.ens.fr\/stagem1phy13\/\" class=\"more-link\">Continuer la lecture de <span class=\"screen-reader-text\">Page d&rsquo;accueil<\/span><\/a><\/p>\n","protected":false},"author":53,"featured_media":0,"parent":0,"menu_order":0,"comment_status":"open","ping_status":"open","template":"","meta":{"footnotes":""},"class_list":["post-87","page","type-page","status-publish","hentry"],"_links":{"self":[{"href":"https:\/\/blogs.eleves.ens.fr\/stagem1phy13\/wp-json\/wp\/v2\/pages\/87","targetHints":{"allow":["GET"]}}],"collection":[{"href":"https:\/\/blogs.eleves.ens.fr\/stagem1phy13\/wp-json\/wp\/v2\/pages"}],"about":[{"href":"https:\/\/blogs.eleves.ens.fr\/stagem1phy13\/wp-json\/wp\/v2\/types\/page"}],"author":[{"embeddable":true,"href":"https:\/\/blogs.eleves.ens.fr\/stagem1phy13\/wp-json\/wp\/v2\/users\/53"}],"replies":[{"embeddable":true,"href":"https:\/\/blogs.eleves.ens.fr\/stagem1phy13\/wp-json\/wp\/v2\/comments?post=87"}],"version-history":[{"count":19,"href":"https:\/\/blogs.eleves.ens.fr\/stagem1phy13\/wp-json\/wp\/v2\/pages\/87\/revisions"}],"predecessor-version":[{"id":436,"href":"https:\/\/blogs.eleves.ens.fr\/stagem1phy13\/wp-json\/wp\/v2\/pages\/87\/revisions\/436"}],"wp:attachment":[{"href":"https:\/\/blogs.eleves.ens.fr\/stagem1phy13\/wp-json\/wp\/v2\/media?parent=87"}],"curies":[{"name":"wp","href":"https:\/\/api.w.org\/{rel}","templated":true}]}}