{"id":83,"date":"2015-10-01T09:18:26","date_gmt":"2015-10-01T08:18:26","guid":{"rendered":"http:\/\/blogs.eleves.ens.fr\/srin\/?page_id=83"},"modified":"2015-10-01T09:18:26","modified_gmt":"2015-10-01T08:18:26","slug":"lev-manovich-a-confirmer","status":"publish","type":"page","link":"https:\/\/blogs.eleves.ens.fr\/srin\/lev-manovich-a-confirmer\/","title":{"rendered":"Lev Manovich (\u00e0 confirmer)"},"content":{"rendered":"<p>Professeur en informatique \u00e0 The Graduate Center, City University of New York<\/p>\n<p>Fondateur et directeur du laboratoire de recherche <a href=\"http:\/\/lab.softwarestudies.com\/\">Software Studies Initiative<\/a>, dont les travaux portent sur l&rsquo;analyse et la visualisation de \u00ab\u00a0m\u00e9gadonn\u00e9es\u00a0\u00bb visuelles (\u00ab\u00a0big visual cultural data\u00a0\u00bb).<\/p>\n<p>Principales publications :<\/p>\n<ul>\n<li><em>Software Takes Command<\/em>, Bloomsbury Academic, 2013<\/li>\n<li><em>Soft Cinema: Navigating the Database<\/em>, The MIT Press, 2005<\/li>\n<li><em>The Language of new Media<\/em>, The MIT Press, 2001<\/li>\n<\/ul>\n<p>Ses travaux sur la visualisation de donn\u00e9es ont \u00e9galement donn\u00e9 lieu \u00e0 un grand nombre d&rsquo;expositions dans diff\u00e9rents mus\u00e9es aux \u00c9tats-Unis, en Allemagne, en Chine, en Russie, en Grande-Bretagne&#8230;<\/p>\n<p>Page personnelle : <a href=\"http:\/\/manovich.net\/index.php\/about\">http:\/\/manovich.net\/index.php\/about<\/a><\/p>\n<p>Son intervention, si nous parvenons \u00e0 l&rsquo;organiser, aura lieu au printemps et portera sur l&rsquo;extraction et la visualisation de m\u00e9gadonn\u00e9es .<\/p>\n","protected":false},"excerpt":{"rendered":"<p>Professeur en informatique \u00e0 The Graduate Center, City University of New York Fondateur et directeur du laboratoire de recherche Software Studies Initiative, dont les travaux portent sur l&rsquo;analyse et la visualisation de \u00ab\u00a0m\u00e9gadonn\u00e9es\u00a0\u00bb visuelles (\u00ab\u00a0big visual cultural data\u00a0\u00bb). Principales publications : Software Takes Command, Bloomsbury Academic, 2013 Soft Cinema: Navigating the Database, The MIT Press, &hellip; <a href=\"https:\/\/blogs.eleves.ens.fr\/srin\/lev-manovich-a-confirmer\/\" class=\"more-link\">Continuer la lecture de <span class=\"screen-reader-text\">Lev Manovich (\u00e0 confirmer)<\/span><\/a><\/p>\n","protected":false},"author":98,"featured_media":0,"parent":0,"menu_order":0,"comment_status":"closed","ping_status":"closed","template":"","meta":{"footnotes":""},"class_list":["post-83","page","type-page","status-publish","hentry"],"_links":{"self":[{"href":"https:\/\/blogs.eleves.ens.fr\/srin\/wp-json\/wp\/v2\/pages\/83","targetHints":{"allow":["GET"]}}],"collection":[{"href":"https:\/\/blogs.eleves.ens.fr\/srin\/wp-json\/wp\/v2\/pages"}],"about":[{"href":"https:\/\/blogs.eleves.ens.fr\/srin\/wp-json\/wp\/v2\/types\/page"}],"author":[{"embeddable":true,"href":"https:\/\/blogs.eleves.ens.fr\/srin\/wp-json\/wp\/v2\/users\/98"}],"replies":[{"embeddable":true,"href":"https:\/\/blogs.eleves.ens.fr\/srin\/wp-json\/wp\/v2\/comments?post=83"}],"version-history":[{"count":1,"href":"https:\/\/blogs.eleves.ens.fr\/srin\/wp-json\/wp\/v2\/pages\/83\/revisions"}],"predecessor-version":[{"id":84,"href":"https:\/\/blogs.eleves.ens.fr\/srin\/wp-json\/wp\/v2\/pages\/83\/revisions\/84"}],"wp:attachment":[{"href":"https:\/\/blogs.eleves.ens.fr\/srin\/wp-json\/wp\/v2\/media?parent=83"}],"curies":[{"name":"wp","href":"https:\/\/api.w.org\/{rel}","templated":true}]}}