{"id":81,"date":"2015-10-01T09:01:24","date_gmt":"2015-10-01T08:01:24","guid":{"rendered":"http:\/\/blogs.eleves.ens.fr\/srin\/?page_id=81"},"modified":"2016-01-25T09:24:55","modified_gmt":"2016-01-25T08:24:55","slug":"remi-ronfard","status":"publish","type":"page","link":"https:\/\/blogs.eleves.ens.fr\/srin\/remi-ronfard\/","title":{"rendered":"R\u00e9mi Ronfard"},"content":{"rendered":"<p>R\u00e9mi Ronfard est ing\u00e9nieur des Mines, docteur en informatique, et habilit\u00e9 \u00e0 diriger les recherches. Il a travaill\u00e9 plusieurs ann\u00e9es au centre Watson d&rsquo;IBM Research \u00e0 Yorktown Heights et \u00e0 la direction de la recherche de l&rsquo;Institut National de l&rsquo;Audiovisuel (INA), avant de rejoindre Inria, o\u00f9 il m\u00e8ne depuis 2012 un projet de recherche sur la \u00ab\u00a0mise en sc\u00e8ne des mondes virtuels\u00a0\u00bb. Il a dirig\u00e9 8 th\u00e8ses de doctorat en math\u00e9matiques appliqu\u00e9es et informatique, et publi\u00e9 70 articles de revues et conf\u00e9rences internationales dans les domaines de l&rsquo;informatique graphique, de la vision par ordinateur et de l&rsquo;intelligence artificielle.<\/p>\n<p>Page personnelle : <a href=\"https:\/\/team.inria.fr\/imagine\/remi-ronfard\/\">https:\/\/team.inria.fr\/imagine\/remi-ronfard\/<\/a><\/p>\n<p>Son intervention, qui aura lieu au mois de f\u00e9vrier, portera sur la g\u00e9n\u00e9ration automatique de films.<\/p>\n","protected":false},"excerpt":{"rendered":"<p>R\u00e9mi Ronfard est ing\u00e9nieur des Mines, docteur en informatique, et habilit\u00e9 \u00e0 diriger les recherches. Il a travaill\u00e9 plusieurs ann\u00e9es au centre Watson d&rsquo;IBM Research \u00e0 Yorktown Heights et \u00e0 la direction de la recherche de l&rsquo;Institut National de l&rsquo;Audiovisuel (INA), avant de rejoindre Inria, o\u00f9 il m\u00e8ne depuis 2012 un projet de recherche sur &hellip; <a href=\"https:\/\/blogs.eleves.ens.fr\/srin\/remi-ronfard\/\" class=\"more-link\">Continuer la lecture de <span class=\"screen-reader-text\">R\u00e9mi Ronfard<\/span><\/a><\/p>\n","protected":false},"author":98,"featured_media":0,"parent":0,"menu_order":0,"comment_status":"closed","ping_status":"closed","template":"","meta":{"footnotes":""},"class_list":["post-81","page","type-page","status-publish","hentry"],"_links":{"self":[{"href":"https:\/\/blogs.eleves.ens.fr\/srin\/wp-json\/wp\/v2\/pages\/81","targetHints":{"allow":["GET"]}}],"collection":[{"href":"https:\/\/blogs.eleves.ens.fr\/srin\/wp-json\/wp\/v2\/pages"}],"about":[{"href":"https:\/\/blogs.eleves.ens.fr\/srin\/wp-json\/wp\/v2\/types\/page"}],"author":[{"embeddable":true,"href":"https:\/\/blogs.eleves.ens.fr\/srin\/wp-json\/wp\/v2\/users\/98"}],"replies":[{"embeddable":true,"href":"https:\/\/blogs.eleves.ens.fr\/srin\/wp-json\/wp\/v2\/comments?post=81"}],"version-history":[{"count":6,"href":"https:\/\/blogs.eleves.ens.fr\/srin\/wp-json\/wp\/v2\/pages\/81\/revisions"}],"predecessor-version":[{"id":194,"href":"https:\/\/blogs.eleves.ens.fr\/srin\/wp-json\/wp\/v2\/pages\/81\/revisions\/194"}],"wp:attachment":[{"href":"https:\/\/blogs.eleves.ens.fr\/srin\/wp-json\/wp\/v2\/media?parent=81"}],"curies":[{"name":"wp","href":"https:\/\/api.w.org\/{rel}","templated":true}]}}