{"id":79,"date":"2015-10-01T08:50:18","date_gmt":"2015-10-01T07:50:18","guid":{"rendered":"http:\/\/blogs.eleves.ens.fr\/srin\/?page_id=79"},"modified":"2015-10-08T19:21:25","modified_gmt":"2015-10-08T18:21:25","slug":"mathias-blanc","status":"publish","type":"page","link":"https:\/\/blogs.eleves.ens.fr\/srin\/mathias-blanc\/","title":{"rendered":"Mathias Blanc"},"content":{"rendered":"<p>Docteur en sociologie, chercheur contractuel au CNRS<\/p>\n<p>Coordinateur du projet <a href=\"http:\/\/visuall.hypotheses.org\/\">Visuall<\/a>, laur\u00e9at de l\u2019appel 2013 du programme Retour Post-Doc de l\u2019ANR. Actuellement, ses travaux personnels mettent \u00e0 profit les outils num\u00e9riques d\u00e9velopp\u00e9s dans le cadre du projet Visuall pour \u00e9tudier, entre autres, la r\u00e9surgence des repr\u00e9sentations fascistes du corps politique dans certaines productions hollywoodiennes \u00e0 fort succ\u00e8s.<\/p>\n<p>Page personnelle : <a href=\"https:\/\/visuall.hypotheses.org\/author\/visuall\">https:\/\/visuall.hypotheses.org\/author\/visuall<\/a><\/p>\n<p>Il animera avec Vincent Puig la s\u00e9ance du mois de janvier, o\u00f9 il sera question de constitution de corpus audiovisuels et d&rsquo;annotation contributive.<\/p>\n","protected":false},"excerpt":{"rendered":"<p>Docteur en sociologie, chercheur contractuel au CNRS Coordinateur du projet Visuall, laur\u00e9at de l\u2019appel 2013 du programme Retour Post-Doc de l\u2019ANR. Actuellement, ses travaux personnels mettent \u00e0 profit les outils num\u00e9riques d\u00e9velopp\u00e9s dans le cadre du projet Visuall pour \u00e9tudier, entre autres, la r\u00e9surgence des repr\u00e9sentations fascistes du corps politique dans certaines productions hollywoodiennes \u00e0 &hellip; <a href=\"https:\/\/blogs.eleves.ens.fr\/srin\/mathias-blanc\/\" class=\"more-link\">Continuer la lecture de <span class=\"screen-reader-text\">Mathias Blanc<\/span><\/a><\/p>\n","protected":false},"author":98,"featured_media":0,"parent":0,"menu_order":0,"comment_status":"closed","ping_status":"closed","template":"","meta":{"footnotes":""},"class_list":["post-79","page","type-page","status-publish","hentry"],"_links":{"self":[{"href":"https:\/\/blogs.eleves.ens.fr\/srin\/wp-json\/wp\/v2\/pages\/79","targetHints":{"allow":["GET"]}}],"collection":[{"href":"https:\/\/blogs.eleves.ens.fr\/srin\/wp-json\/wp\/v2\/pages"}],"about":[{"href":"https:\/\/blogs.eleves.ens.fr\/srin\/wp-json\/wp\/v2\/types\/page"}],"author":[{"embeddable":true,"href":"https:\/\/blogs.eleves.ens.fr\/srin\/wp-json\/wp\/v2\/users\/98"}],"replies":[{"embeddable":true,"href":"https:\/\/blogs.eleves.ens.fr\/srin\/wp-json\/wp\/v2\/comments?post=79"}],"version-history":[{"count":4,"href":"https:\/\/blogs.eleves.ens.fr\/srin\/wp-json\/wp\/v2\/pages\/79\/revisions"}],"predecessor-version":[{"id":133,"href":"https:\/\/blogs.eleves.ens.fr\/srin\/wp-json\/wp\/v2\/pages\/79\/revisions\/133"}],"wp:attachment":[{"href":"https:\/\/blogs.eleves.ens.fr\/srin\/wp-json\/wp\/v2\/media?parent=79"}],"curies":[{"name":"wp","href":"https:\/\/api.w.org\/{rel}","templated":true}]}}