{"id":74,"date":"2015-10-01T08:39:14","date_gmt":"2015-10-01T07:39:14","guid":{"rendered":"http:\/\/blogs.eleves.ens.fr\/srin\/?page_id=74"},"modified":"2015-10-01T08:42:19","modified_gmt":"2015-10-01T07:42:19","slug":"vincent-puig","status":"publish","type":"page","link":"https:\/\/blogs.eleves.ens.fr\/srin\/vincent-puig\/","title":{"rendered":"Vincent Puig"},"content":{"rendered":"<p>Co-fondateur et directeur ex\u00e9cutif de l&rsquo;Institut de Recherche et d&rsquo;Innovation (IRI) du Centre Pompidou.<\/p>\n<p>Praticien des transferts de technologie et du montage de projets entre le monde culturel et celui de la recherche depuis 1993, il a d\u2019abord \u00e9t\u00e9 Directeur de la valorisation scientifique \u00e0 l\u2019Ircam (Institut de recherche et coordination acoustique\/musique). Dans le cadre de l&rsquo;IRI, ses recherches portent notamment sur les Digital Studies et les dispositifs d&rsquo;annotation de documents audiovisuels.<\/p>\n<p>Il animera, avec Mathias Blanc, la s\u00e9ance du mois de janvier, avec une intervention portant sur l&rsquo;indexation contributive et la constitution de collection avec le public.<\/p>\n","protected":false},"excerpt":{"rendered":"<p>Co-fondateur et directeur ex\u00e9cutif de l&rsquo;Institut de Recherche et d&rsquo;Innovation (IRI) du Centre Pompidou. Praticien des transferts de technologie et du montage de projets entre le monde culturel et celui de la recherche depuis 1993, il a d\u2019abord \u00e9t\u00e9 Directeur de la valorisation scientifique \u00e0 l\u2019Ircam (Institut de recherche et coordination acoustique\/musique). Dans le cadre &hellip; <a href=\"https:\/\/blogs.eleves.ens.fr\/srin\/vincent-puig\/\" class=\"more-link\">Continuer la lecture de <span class=\"screen-reader-text\">Vincent Puig<\/span><\/a><\/p>\n","protected":false},"author":98,"featured_media":0,"parent":0,"menu_order":0,"comment_status":"closed","ping_status":"closed","template":"","meta":{"footnotes":""},"class_list":["post-74","page","type-page","status-publish","hentry"],"_links":{"self":[{"href":"https:\/\/blogs.eleves.ens.fr\/srin\/wp-json\/wp\/v2\/pages\/74","targetHints":{"allow":["GET"]}}],"collection":[{"href":"https:\/\/blogs.eleves.ens.fr\/srin\/wp-json\/wp\/v2\/pages"}],"about":[{"href":"https:\/\/blogs.eleves.ens.fr\/srin\/wp-json\/wp\/v2\/types\/page"}],"author":[{"embeddable":true,"href":"https:\/\/blogs.eleves.ens.fr\/srin\/wp-json\/wp\/v2\/users\/98"}],"replies":[{"embeddable":true,"href":"https:\/\/blogs.eleves.ens.fr\/srin\/wp-json\/wp\/v2\/comments?post=74"}],"version-history":[{"count":3,"href":"https:\/\/blogs.eleves.ens.fr\/srin\/wp-json\/wp\/v2\/pages\/74\/revisions"}],"predecessor-version":[{"id":78,"href":"https:\/\/blogs.eleves.ens.fr\/srin\/wp-json\/wp\/v2\/pages\/74\/revisions\/78"}],"wp:attachment":[{"href":"https:\/\/blogs.eleves.ens.fr\/srin\/wp-json\/wp\/v2\/media?parent=74"}],"curies":[{"name":"wp","href":"https:\/\/api.w.org\/{rel}","templated":true}]}}