{"id":71,"date":"2015-10-01T08:28:40","date_gmt":"2015-10-01T07:28:40","guid":{"rendered":"http:\/\/blogs.eleves.ens.fr\/srin\/?page_id=71"},"modified":"2015-10-01T16:57:50","modified_gmt":"2015-10-01T15:57:50","slug":"dork-zabunyan","status":"publish","type":"page","link":"https:\/\/blogs.eleves.ens.fr\/srin\/dork-zabunyan\/","title":{"rendered":"Dork Zabunyan"},"content":{"rendered":"<p>Professeur de cin\u00e9ma \u00e0 l&rsquo;Universit\u00e9 Paris 8<\/p>\n<p>Principales publications :<\/p>\n<ul>\n<li><em>Passages de l&rsquo;histoire<\/em>, Blou, Le Gac Press, 2013<\/li>\n<li><em>L&rsquo;Attrait du t\u00e9l\u00e9phone<\/em>, Crisn\u00e9e, Yellow Now, 2012 (co-\u00e9crit avec Emmanuelle Andr\u00e9)<\/li>\n<li><em>Les Cin\u00e9mas de Gilles Deleuze<\/em>, Paris, Bayard, 2011<\/li>\n<li><em>Foucault va au cin\u00e9ma<\/em>, Paris, Bayard, 2011 (co-\u00e9crit avec Patrice Maniglier)<\/li>\n<li><em>Gilles Deleuze &#8211; Voir, parler, penser au risque du cin\u00e9ma<\/em>, Paris, Presses Sorbonne Nouvelle, 2006<\/li>\n<\/ul>\n<p>Il collabore r\u00e9guli\u00e8rement \u00e0 diff\u00e9rentes revues, comme <em>Les Cahiers<\/em> <em>du cin\u00e9ma, Trafic, Critique<\/em> ou <em>Artpress<\/em>.<\/p>\n<p>Page personnelle : <a href=\"https:\/\/univ-paris8.academia.edu\/DorkZabunyan\">https:\/\/univ-paris8.academia.edu\/DorkZabunyan<\/a><\/p>\n<p>Son intervention, qui aura lieu le 12 novembre 2015, portera sur les enjeux esth\u00e9tiques de l&rsquo;oculom\u00e9trie.<\/p>\n","protected":false},"excerpt":{"rendered":"<p>Professeur de cin\u00e9ma \u00e0 l&rsquo;Universit\u00e9 Paris 8 Principales publications : Passages de l&rsquo;histoire, Blou, Le Gac Press, 2013 L&rsquo;Attrait du t\u00e9l\u00e9phone, Crisn\u00e9e, Yellow Now, 2012 (co-\u00e9crit avec Emmanuelle Andr\u00e9) Les Cin\u00e9mas de Gilles Deleuze, Paris, Bayard, 2011 Foucault va au cin\u00e9ma, Paris, Bayard, 2011 (co-\u00e9crit avec Patrice Maniglier) Gilles Deleuze &#8211; Voir, parler, penser au &hellip; <a href=\"https:\/\/blogs.eleves.ens.fr\/srin\/dork-zabunyan\/\" class=\"more-link\">Continuer la lecture de <span class=\"screen-reader-text\">Dork Zabunyan<\/span><\/a><\/p>\n","protected":false},"author":98,"featured_media":0,"parent":0,"menu_order":0,"comment_status":"closed","ping_status":"closed","template":"","meta":{"footnotes":""},"class_list":["post-71","page","type-page","status-publish","hentry"],"_links":{"self":[{"href":"https:\/\/blogs.eleves.ens.fr\/srin\/wp-json\/wp\/v2\/pages\/71","targetHints":{"allow":["GET"]}}],"collection":[{"href":"https:\/\/blogs.eleves.ens.fr\/srin\/wp-json\/wp\/v2\/pages"}],"about":[{"href":"https:\/\/blogs.eleves.ens.fr\/srin\/wp-json\/wp\/v2\/types\/page"}],"author":[{"embeddable":true,"href":"https:\/\/blogs.eleves.ens.fr\/srin\/wp-json\/wp\/v2\/users\/98"}],"replies":[{"embeddable":true,"href":"https:\/\/blogs.eleves.ens.fr\/srin\/wp-json\/wp\/v2\/comments?post=71"}],"version-history":[{"count":4,"href":"https:\/\/blogs.eleves.ens.fr\/srin\/wp-json\/wp\/v2\/pages\/71\/revisions"}],"predecessor-version":[{"id":127,"href":"https:\/\/blogs.eleves.ens.fr\/srin\/wp-json\/wp\/v2\/pages\/71\/revisions\/127"}],"wp:attachment":[{"href":"https:\/\/blogs.eleves.ens.fr\/srin\/wp-json\/wp\/v2\/media?parent=71"}],"curies":[{"name":"wp","href":"https:\/\/api.w.org\/{rel}","templated":true}]}}