{"id":67,"date":"2015-10-01T08:16:34","date_gmt":"2015-10-01T07:16:34","guid":{"rendered":"http:\/\/blogs.eleves.ens.fr\/srin\/?page_id=67"},"modified":"2015-10-01T08:17:42","modified_gmt":"2015-10-01T07:17:42","slug":"everardo-reyes","status":"publish","type":"page","link":"https:\/\/blogs.eleves.ens.fr\/srin\/everardo-reyes\/","title":{"rendered":"Everardo Reyes"},"content":{"rendered":"<p>Ma\u00eetre de conf\u00e9rences \u00e0 l&rsquo;Universit\u00e9 Paris 8, au d\u00e9partement des Sciences de l&rsquo;Information-Documentation<\/p>\n<p>Membre du Laboratoire Paragraphe et de l&rsquo;\u00e9quipe Software Studies Initiative<\/p>\n<p>Page personnelle : <a href=\"http:\/\/ereyes.net\/\">http:\/\/ereyes.net\/<\/a><\/p>\n<p>Il animera la s\u00e9ance d&rsquo;introduction du s\u00e9minaire, le 22 octobre 2015, avec une conf\u00e9rence intitul\u00e9e \u00ab\u00a0Traitement d&rsquo;images et m\u00e9dia visualisation\u00a0\u00bb.<\/p>\n","protected":false},"excerpt":{"rendered":"<p>Ma\u00eetre de conf\u00e9rences \u00e0 l&rsquo;Universit\u00e9 Paris 8, au d\u00e9partement des Sciences de l&rsquo;Information-Documentation Membre du Laboratoire Paragraphe et de l&rsquo;\u00e9quipe Software Studies Initiative Page personnelle : http:\/\/ereyes.net\/ Il animera la s\u00e9ance d&rsquo;introduction du s\u00e9minaire, le 22 octobre 2015, avec une conf\u00e9rence intitul\u00e9e \u00ab\u00a0Traitement d&rsquo;images et m\u00e9dia visualisation\u00a0\u00bb.<\/p>\n","protected":false},"author":98,"featured_media":0,"parent":0,"menu_order":0,"comment_status":"closed","ping_status":"closed","template":"","meta":{"footnotes":""},"class_list":["post-67","page","type-page","status-publish","hentry"],"_links":{"self":[{"href":"https:\/\/blogs.eleves.ens.fr\/srin\/wp-json\/wp\/v2\/pages\/67","targetHints":{"allow":["GET"]}}],"collection":[{"href":"https:\/\/blogs.eleves.ens.fr\/srin\/wp-json\/wp\/v2\/pages"}],"about":[{"href":"https:\/\/blogs.eleves.ens.fr\/srin\/wp-json\/wp\/v2\/types\/page"}],"author":[{"embeddable":true,"href":"https:\/\/blogs.eleves.ens.fr\/srin\/wp-json\/wp\/v2\/users\/98"}],"replies":[{"embeddable":true,"href":"https:\/\/blogs.eleves.ens.fr\/srin\/wp-json\/wp\/v2\/comments?post=67"}],"version-history":[{"count":2,"href":"https:\/\/blogs.eleves.ens.fr\/srin\/wp-json\/wp\/v2\/pages\/67\/revisions"}],"predecessor-version":[{"id":70,"href":"https:\/\/blogs.eleves.ens.fr\/srin\/wp-json\/wp\/v2\/pages\/67\/revisions\/70"}],"wp:attachment":[{"href":"https:\/\/blogs.eleves.ens.fr\/srin\/wp-json\/wp\/v2\/media?parent=67"}],"curies":[{"name":"wp","href":"https:\/\/api.w.org\/{rel}","templated":true}]}}