{"id":6,"date":"2015-09-25T16:21:03","date_gmt":"2015-09-25T15:21:03","guid":{"rendered":"http:\/\/blogs.eleves.ens.fr\/srin\/?page_id=6"},"modified":"2015-10-01T10:25:15","modified_gmt":"2015-10-01T09:25:15","slug":"presentation-generale","status":"publish","type":"page","link":"https:\/\/blogs.eleves.ens.fr\/srin\/presentation-generale\/","title":{"rendered":"Objectifs du s\u00e9minaire"},"content":{"rendered":"<p>De quels outils informatiques disposent aujourd\u2019hui les chercheurs en arts visuels pour explorer la richesse de l\u2019image num\u00e9<span class=\"text_exposed_show\">rique ?<\/span><\/p>\n<p>L\u2019objectif de ce s\u00e9minaire ouvert \u00e0 toutes et \u00e0 tous, experts ou simplement curieux, sera d\u2019instaurer un dialogue entre diff\u00e9rents projets de recherche contemporains, ayant pour point commun d\u2019analyser des images (films, vid\u00e9os, photographies) \u00e0 l&rsquo;aide d&rsquo;outils informatiques.<\/p>\n<p>A chaque s\u00e9ance, un chercheur viendra pr\u00e9senter ses travaux en cours : venant de diff\u00e9rentes disciplines (\u00e9tudes cin\u00e9matographiques, informatique, sciences de l&rsquo;information et de la communication, sociologie&#8230;), mais s&rsquo;inscrivant dans le large domaine des \u00ab\u00a0humanit\u00e9s num\u00e9riques\u00a0\u00bb, chaque invit\u00e9 exposera ses objectifs et ses m\u00e9thodes de recherche.<\/p>\n<p>Ainsi, les projets pr\u00e9sent\u00e9s iront de l&rsquo;extraction d&rsquo;informations chiffr\u00e9es (sur la couleur, le contraste de l&rsquo;image&#8230;) \u00e0 l&rsquo;oculom\u00e9trie (mesure du trajet des yeux du spectateur), en passant par la reconnaissance automatique d&rsquo;objets, l&rsquo;annotation collaborative de films, la cr\u00e9ation de bases de donn\u00e9es visuelles, ou encore la visualisation d&rsquo;informations&#8230;<\/p>\n","protected":false},"excerpt":{"rendered":"<p>De quels outils informatiques disposent aujourd\u2019hui les chercheurs en arts visuels pour explorer la richesse de l\u2019image num\u00e9rique ? L\u2019objectif de ce s\u00e9minaire ouvert \u00e0 toutes et \u00e0 tous, experts ou simplement curieux, sera d\u2019instaurer un dialogue entre diff\u00e9rents projets de recherche contemporains, ayant pour point commun d\u2019analyser des images (films, vid\u00e9os, photographies) \u00e0 l&rsquo;aide &hellip; <a href=\"https:\/\/blogs.eleves.ens.fr\/srin\/presentation-generale\/\" class=\"more-link\">Continuer la lecture de <span class=\"screen-reader-text\">Objectifs du s\u00e9minaire<\/span><\/a><\/p>\n","protected":false},"author":98,"featured_media":0,"parent":0,"menu_order":0,"comment_status":"closed","ping_status":"closed","template":"","meta":{"footnotes":""},"class_list":["post-6","page","type-page","status-publish","hentry"],"_links":{"self":[{"href":"https:\/\/blogs.eleves.ens.fr\/srin\/wp-json\/wp\/v2\/pages\/6","targetHints":{"allow":["GET"]}}],"collection":[{"href":"https:\/\/blogs.eleves.ens.fr\/srin\/wp-json\/wp\/v2\/pages"}],"about":[{"href":"https:\/\/blogs.eleves.ens.fr\/srin\/wp-json\/wp\/v2\/types\/page"}],"author":[{"embeddable":true,"href":"https:\/\/blogs.eleves.ens.fr\/srin\/wp-json\/wp\/v2\/users\/98"}],"replies":[{"embeddable":true,"href":"https:\/\/blogs.eleves.ens.fr\/srin\/wp-json\/wp\/v2\/comments?post=6"}],"version-history":[{"count":14,"href":"https:\/\/blogs.eleves.ens.fr\/srin\/wp-json\/wp\/v2\/pages\/6\/revisions"}],"predecessor-version":[{"id":122,"href":"https:\/\/blogs.eleves.ens.fr\/srin\/wp-json\/wp\/v2\/pages\/6\/revisions\/122"}],"wp:attachment":[{"href":"https:\/\/blogs.eleves.ens.fr\/srin\/wp-json\/wp\/v2\/media?parent=6"}],"curies":[{"name":"wp","href":"https:\/\/api.w.org\/{rel}","templated":true}]}}