{"id":46,"date":"2015-10-01T08:08:02","date_gmt":"2015-10-01T07:08:02","guid":{"rendered":"http:\/\/blogs.eleves.ens.fr\/srin\/?page_id=46"},"modified":"2015-11-18T09:21:33","modified_gmt":"2015-11-18T08:21:33","slug":"decembre","status":"publish","type":"page","link":"https:\/\/blogs.eleves.ens.fr\/srin\/decembre\/","title":{"rendered":"Construire et d\u00e9crire un corpus d&rsquo;images"},"content":{"rendered":"<p>Juste avant les vacances de No\u00ebl, Patrick Peccatte nous proposera un retour d&rsquo;exp\u00e9rience sur un ensemble de travaux d&rsquo;indexation et de description men\u00e9s sur de vastes corpus d&rsquo;images.<\/p>\n<p><a href=\"http:\/\/blogs.eleves.ens.fr\/srin\/wp-content\/uploads\/sites\/15\/2015\/10\/D\u00e9cembre-2015-Affiche-Corpus-images-num\u00e9riques.jpg\"><img loading=\"lazy\" decoding=\"async\" class=\"alignnone size-medium wp-image-156\" src=\"http:\/\/blogs.eleves.ens.fr\/srin\/wp-content\/uploads\/sites\/15\/2015\/10\/D\u00e9cembre-2015-Affiche-Corpus-images-num\u00e9riques-212x300.jpg\" alt=\"\" width=\"212\" height=\"300\" srcset=\"https:\/\/blogs.eleves.ens.fr\/srin\/wp-content\/uploads\/sites\/15\/2015\/10\/D\u00e9cembre-2015-Affiche-Corpus-images-num\u00e9riques-212x300.jpg 212w, https:\/\/blogs.eleves.ens.fr\/srin\/wp-content\/uploads\/sites\/15\/2015\/10\/D\u00e9cembre-2015-Affiche-Corpus-images-num\u00e9riques.jpg 1181w\" sizes=\"auto, (max-width: 212px) 100vw, 212px\" \/><\/a><\/p>\n<p>Comment construire un corpus d&rsquo;images coh\u00e9rent et significatif \u00e0 partir du Web ? Comment d\u00e9crire ces images \u00e0 l&rsquo;aide de m\u00e9tadonn\u00e9es ? Comment et pourquoi utiliser les standards de m\u00e9tadonn\u00e9es des images ? Comment travailler collectivement \u00e0 la description pr\u00e9cise d&rsquo;un ensemble d&rsquo;images ? Quelles m\u00e9thodes utiliser pour retrouver des informations sur des images ?<\/p>\n<p>Nous essaierons de r\u00e9pondre \u00e0 ces questions \u00e0 travers plusieurs exemples concrets choisis dans des domaines vari\u00e9s : magazines \u00ab\u00a0pulp\u00a0\u00bb, bandes-dessin\u00e9es, films, photographies, etc.<\/p>\n<p>Pour en savoir plus sur les travaux de Patrick Peccatte :<\/p>\n<p>http:\/\/dejavu.hypotheses.org\/<\/p>\n<p><a data-flickr-embed='true' href='https:\/\/www.flickr.com\/photos\/58897785@N00' title='PhotosNormandie'><img src='https:\/\/live.staticflickr.com\/4848\/45697493145_a9cb75be67_z.jpg' width='800' height='600' alt='LC001592'><\/a><script async src='https:\/\/embedr.flickr.com\/assets\/client-code.js' charset='utf-8'><\/script><\/p>\n<ul>\n<li>Jeudi 17 d\u00e9cembre 2015<\/li>\n<li>De 18h \u00e0 19h30<\/li>\n<li>Salle des R\u00e9sistants<\/li>\n<li>\u00c9cole Normale Sup\u00e9rieure, 45 rue d\u2019Ulm, 75005 Paris<\/li>\n<\/ul>\n","protected":false},"excerpt":{"rendered":"<p>Juste avant les vacances de No\u00ebl, Patrick Peccatte nous proposera un retour d&rsquo;exp\u00e9rience sur un ensemble de travaux d&rsquo;indexation et de description men\u00e9s sur de vastes corpus d&rsquo;images. Comment construire un corpus d&rsquo;images coh\u00e9rent et significatif \u00e0 partir du Web ? Comment d\u00e9crire ces images \u00e0 l&rsquo;aide de m\u00e9tadonn\u00e9es ? Comment et pourquoi utiliser les &hellip; <a href=\"https:\/\/blogs.eleves.ens.fr\/srin\/decembre\/\" class=\"more-link\">Continuer la lecture de <span class=\"screen-reader-text\">Construire et d\u00e9crire un corpus d&rsquo;images<\/span><\/a><\/p>\n","protected":false},"author":98,"featured_media":0,"parent":0,"menu_order":0,"comment_status":"closed","ping_status":"closed","template":"","meta":{"footnotes":""},"class_list":["post-46","page","type-page","status-publish","hentry"],"_links":{"self":[{"href":"https:\/\/blogs.eleves.ens.fr\/srin\/wp-json\/wp\/v2\/pages\/46","targetHints":{"allow":["GET"]}}],"collection":[{"href":"https:\/\/blogs.eleves.ens.fr\/srin\/wp-json\/wp\/v2\/pages"}],"about":[{"href":"https:\/\/blogs.eleves.ens.fr\/srin\/wp-json\/wp\/v2\/types\/page"}],"author":[{"embeddable":true,"href":"https:\/\/blogs.eleves.ens.fr\/srin\/wp-json\/wp\/v2\/users\/98"}],"replies":[{"embeddable":true,"href":"https:\/\/blogs.eleves.ens.fr\/srin\/wp-json\/wp\/v2\/comments?post=46"}],"version-history":[{"count":6,"href":"https:\/\/blogs.eleves.ens.fr\/srin\/wp-json\/wp\/v2\/pages\/46\/revisions"}],"predecessor-version":[{"id":157,"href":"https:\/\/blogs.eleves.ens.fr\/srin\/wp-json\/wp\/v2\/pages\/46\/revisions\/157"}],"wp:attachment":[{"href":"https:\/\/blogs.eleves.ens.fr\/srin\/wp-json\/wp\/v2\/media?parent=46"}],"curies":[{"name":"wp","href":"https:\/\/api.w.org\/{rel}","templated":true}]}}