{"id":36,"date":"2015-10-01T08:06:06","date_gmt":"2015-10-01T07:06:06","guid":{"rendered":"http:\/\/blogs.eleves.ens.fr\/srin\/?page_id=36"},"modified":"2015-10-24T09:15:01","modified_gmt":"2015-10-24T08:15:01","slug":"novembre","status":"publish","type":"page","link":"https:\/\/blogs.eleves.ens.fr\/srin\/novembre\/","title":{"rendered":"Le cin\u00e9ma et la \u00ab\u00a0direction de spectateur\u00a0\u00bb\u00a0: enjeux esth\u00e9tiques de l\u2019oculom\u00e9trie"},"content":{"rendered":"<p align=\"JUSTIFY\">Pour notre s\u00e9ance du mois de novembre, c&rsquo;est Dork Zabunyan, professeur de cin\u00e9ma \u00e0 l&rsquo;Universit\u00e9 Paris 8, qui viendra pr\u00e9senter ses travaux sur l&rsquo;oculom\u00e9trie (la mesure du trajet des yeux des spectateurs).<\/p>\n<p align=\"JUSTIFY\"><a href=\"http:\/\/blogs.eleves.ens.fr\/srin\/wp-content\/uploads\/sites\/15\/2015\/10\/Affiche-Dork-red.jpg\"><img loading=\"lazy\" decoding=\"async\" class=\"alignnone size-medium wp-image-141\" src=\"http:\/\/blogs.eleves.ens.fr\/srin\/wp-content\/uploads\/sites\/15\/2015\/10\/Affiche-Dork-red-212x300.jpg\" alt=\"Affiche Dork red\" width=\"212\" height=\"300\" srcset=\"https:\/\/blogs.eleves.ens.fr\/srin\/wp-content\/uploads\/sites\/15\/2015\/10\/Affiche-Dork-red-212x300.jpg 212w, https:\/\/blogs.eleves.ens.fr\/srin\/wp-content\/uploads\/sites\/15\/2015\/10\/Affiche-Dork-red-1447x2046.jpg 1447w, https:\/\/blogs.eleves.ens.fr\/srin\/wp-content\/uploads\/sites\/15\/2015\/10\/Affiche-Dork-red.jpg 1654w\" sizes=\"auto, (max-width: 212px) 100vw, 212px\" \/><\/a><\/p>\n<p align=\"JUSTIFY\">De quoi sera-t-il question ?<\/p>\n<p align=\"JUSTIFY\">Dans l\u2019histoire du cin\u00e9ma, des r\u00e9alisateurs ont tent\u00e9 de \u00ab\u00a0modeler\u00a0\u00bb le regard du spectateur (Eisenstein), d\u2019autres ont pu se pr\u00e9senter comme des \u00ab\u00a0directeurs de spectateur\u00a0\u00bb (Hitchcock). Sans conna\u00eetre l\u2019existence d\u2019appareils de mesure des mouvements oculaires (suivant le proc\u00e9d\u00e9 de l\u2019<i>eye tracking<\/i>), ils ont n\u00e9anmoins cherch\u00e9 \u00e0 orienter notre regard \u00e0 partir d\u2019un travail rigoureux de mise en sc\u00e8ne d\u2019images anim\u00e9es.<\/p>\n<p align=\"JUSTIFY\">En s\u2019appuyant sur un choix de mesures oculom\u00e9triques r\u00e9alis\u00e9es sur diverses \u0153uvres filmiques, il s\u2019agira de remonter vers une s\u00e9rie d\u2019actes de cr\u00e9ation en cin\u00e9ma qui font de leurs auteurs des psychologues de la perception en puissance.<\/p>\n<ul>\n<li>Jeudi 12 novembre 2015<\/li>\n<li>De 18h \u00e0 19h30<\/li>\n<li>Salle des R\u00e9sistants<\/li>\n<li>\u00c9cole Normale Sup\u00e9rieure, 45 rue d&rsquo;Ulm, 75005 Paris<\/li>\n<\/ul>\n<p>&nbsp;<\/p>\n","protected":false},"excerpt":{"rendered":"<p>Pour notre s\u00e9ance du mois de novembre, c&rsquo;est Dork Zabunyan, professeur de cin\u00e9ma \u00e0 l&rsquo;Universit\u00e9 Paris 8, qui viendra pr\u00e9senter ses travaux sur l&rsquo;oculom\u00e9trie (la mesure du trajet des yeux des spectateurs). De quoi sera-t-il question ? Dans l\u2019histoire du cin\u00e9ma, des r\u00e9alisateurs ont tent\u00e9 de \u00ab\u00a0modeler\u00a0\u00bb le regard du spectateur (Eisenstein), d\u2019autres ont pu &hellip; <a href=\"https:\/\/blogs.eleves.ens.fr\/srin\/novembre\/\" class=\"more-link\">Continuer la lecture de <span class=\"screen-reader-text\">Le cin\u00e9ma et la \u00ab\u00a0direction de spectateur\u00a0\u00bb\u00a0: enjeux esth\u00e9tiques de l\u2019oculom\u00e9trie<\/span><\/a><\/p>\n","protected":false},"author":98,"featured_media":0,"parent":0,"menu_order":0,"comment_status":"closed","ping_status":"closed","template":"","meta":{"footnotes":""},"class_list":["post-36","page","type-page","status-publish","hentry"],"_links":{"self":[{"href":"https:\/\/blogs.eleves.ens.fr\/srin\/wp-json\/wp\/v2\/pages\/36","targetHints":{"allow":["GET"]}}],"collection":[{"href":"https:\/\/blogs.eleves.ens.fr\/srin\/wp-json\/wp\/v2\/pages"}],"about":[{"href":"https:\/\/blogs.eleves.ens.fr\/srin\/wp-json\/wp\/v2\/types\/page"}],"author":[{"embeddable":true,"href":"https:\/\/blogs.eleves.ens.fr\/srin\/wp-json\/wp\/v2\/users\/98"}],"replies":[{"embeddable":true,"href":"https:\/\/blogs.eleves.ens.fr\/srin\/wp-json\/wp\/v2\/comments?post=36"}],"version-history":[{"count":8,"href":"https:\/\/blogs.eleves.ens.fr\/srin\/wp-json\/wp\/v2\/pages\/36\/revisions"}],"predecessor-version":[{"id":144,"href":"https:\/\/blogs.eleves.ens.fr\/srin\/wp-json\/wp\/v2\/pages\/36\/revisions\/144"}],"wp:attachment":[{"href":"https:\/\/blogs.eleves.ens.fr\/srin\/wp-json\/wp\/v2\/media?parent=36"}],"curies":[{"name":"wp","href":"https:\/\/api.w.org\/{rel}","templated":true}]}}