{"id":22,"date":"2015-10-01T07:44:00","date_gmt":"2015-10-01T06:44:00","guid":{"rendered":"http:\/\/blogs.eleves.ens.fr\/srin\/?page_id=22"},"modified":"2015-10-01T10:41:37","modified_gmt":"2015-10-01T09:41:37","slug":"seance-dintroduction","status":"publish","type":"page","link":"https:\/\/blogs.eleves.ens.fr\/srin\/seance-dintroduction\/","title":{"rendered":"S\u00e9ance d&rsquo;introduction : Traitement d&rsquo;images et m\u00e9dia visualisation"},"content":{"rendered":"<p>La s\u00e9ance d&rsquo;introduction du s\u00e9minaire aura lieu le 22 octobre. Apr\u00e8s une br\u00e8ve pr\u00e9sentation des objectifs du s\u00e9minaire par Chlo\u00e9 Galibert-La\u00een\u00e9, c&rsquo;est Everardo Reyes, ma\u00eetre de conf\u00e9rences en Sciences de l&rsquo;Information \u00e0 l&rsquo;Universit\u00e9 Paris 8, qui ouvrira le bal avec une conf\u00e9rence intitul\u00e9e \u00ab\u00a0Traitement d&rsquo;images et m\u00e9dia visualisation\u00a0\u00bb.<\/p>\n<p><a href=\"http:\/\/blogs.eleves.ens.fr\/srin\/wp-content\/uploads\/sites\/15\/2015\/10\/Affiche-Ered.jpg\"><img loading=\"lazy\" decoding=\"async\" class=\"alignnone size-medium wp-image-23\" src=\"http:\/\/blogs.eleves.ens.fr\/srin\/wp-content\/uploads\/sites\/15\/2015\/10\/Affiche-Ered-212x300.jpg\" alt=\"Affiche Ered\" width=\"212\" height=\"300\" srcset=\"https:\/\/blogs.eleves.ens.fr\/srin\/wp-content\/uploads\/sites\/15\/2015\/10\/Affiche-Ered-212x300.jpg 212w, https:\/\/blogs.eleves.ens.fr\/srin\/wp-content\/uploads\/sites\/15\/2015\/10\/Affiche-Ered-724x1024.jpg 724w, https:\/\/blogs.eleves.ens.fr\/srin\/wp-content\/uploads\/sites\/15\/2015\/10\/Affiche-Ered.jpg 1772w\" sizes=\"auto, (max-width: 212px) 100vw, 212px\" \/><\/a><\/p>\n<p>De quoi sera-t-il question ?<\/p>\n<p>Les m\u00e9dia visuels (photographies, films, vid\u00e9os d&rsquo;art&#8230;) peuvent \u00eatre consid\u00e9r\u00e9s comme des visualisations et repr\u00e9sentations de donn\u00e9es, analysables gr\u00e2ce \u00e0 des proc\u00e9dures num\u00e9riques.<\/p>\n<div class=\"text_exposed_show\">\n<p>Apr\u00e8s un bref parcours historique, o\u00f9 l&rsquo;on exposera l&rsquo;origine des techniques et m\u00e9thodes contemporaines utilisant des logiciels pour analyser des images, seront pr\u00e9sent\u00e9s des cas de visualisation et de repr\u00e9sentation de mouvements, et de transformations dans le temps.<br \/>\nCet expos\u00e9 nourrira ensuite une discussion sur l\u2019int\u00e9r\u00eat d\u2019\u00e9tudier le traitement num\u00e9rique d\u2019images du point de vue des sciences humaines.<\/p>\n<p>Pour d\u00e9couvrir les travaux d&rsquo;E. Reyes : <a href=\"http:\/\/ereyes.net\/\" target=\"_blank\" rel=\"nofollow\">http:\/\/ereyes.net\/<\/a><\/p>\n<\/div>\n<ul>\n<li>Jeudi 22 octobre 2015<\/li>\n<li>De 18h \u00e0 20h<\/li>\n<li>Salle des R\u00e9sistants<\/li>\n<li>\u00c9cole Normale Sup\u00e9rieure, 45 rue d&rsquo;Ulm, 75005 Paris<\/li>\n<\/ul>\n","protected":false},"excerpt":{"rendered":"<p>La s\u00e9ance d&rsquo;introduction du s\u00e9minaire aura lieu le 22 octobre. Apr\u00e8s une br\u00e8ve pr\u00e9sentation des objectifs du s\u00e9minaire par Chlo\u00e9 Galibert-La\u00een\u00e9, c&rsquo;est Everardo Reyes, ma\u00eetre de conf\u00e9rences en Sciences de l&rsquo;Information \u00e0 l&rsquo;Universit\u00e9 Paris 8, qui ouvrira le bal avec une conf\u00e9rence intitul\u00e9e \u00ab\u00a0Traitement d&rsquo;images et m\u00e9dia visualisation\u00a0\u00bb. De quoi sera-t-il question ? Les m\u00e9dia &hellip; <a href=\"https:\/\/blogs.eleves.ens.fr\/srin\/seance-dintroduction\/\" class=\"more-link\">Continuer la lecture de <span class=\"screen-reader-text\">S\u00e9ance d&rsquo;introduction : Traitement d&rsquo;images et m\u00e9dia visualisation<\/span><\/a><\/p>\n","protected":false},"author":98,"featured_media":0,"parent":0,"menu_order":0,"comment_status":"closed","ping_status":"closed","template":"","meta":{"footnotes":""},"class_list":["post-22","page","type-page","status-publish","hentry"],"_links":{"self":[{"href":"https:\/\/blogs.eleves.ens.fr\/srin\/wp-json\/wp\/v2\/pages\/22","targetHints":{"allow":["GET"]}}],"collection":[{"href":"https:\/\/blogs.eleves.ens.fr\/srin\/wp-json\/wp\/v2\/pages"}],"about":[{"href":"https:\/\/blogs.eleves.ens.fr\/srin\/wp-json\/wp\/v2\/types\/page"}],"author":[{"embeddable":true,"href":"https:\/\/blogs.eleves.ens.fr\/srin\/wp-json\/wp\/v2\/users\/98"}],"replies":[{"embeddable":true,"href":"https:\/\/blogs.eleves.ens.fr\/srin\/wp-json\/wp\/v2\/comments?post=22"}],"version-history":[{"count":13,"href":"https:\/\/blogs.eleves.ens.fr\/srin\/wp-json\/wp\/v2\/pages\/22\/revisions"}],"predecessor-version":[{"id":123,"href":"https:\/\/blogs.eleves.ens.fr\/srin\/wp-json\/wp\/v2\/pages\/22\/revisions\/123"}],"wp:attachment":[{"href":"https:\/\/blogs.eleves.ens.fr\/srin\/wp-json\/wp\/v2\/media?parent=22"}],"curies":[{"name":"wp","href":"https:\/\/api.w.org\/{rel}","templated":true}]}}