{"id":205,"date":"2016-06-27T08:56:01","date_gmt":"2016-06-27T07:56:01","guid":{"rendered":"http:\/\/blogs.eleves.ens.fr\/srin\/?page_id=205"},"modified":"2016-06-27T08:56:01","modified_gmt":"2016-06-27T07:56:01","slug":"le-seminaire-est-termine","status":"publish","type":"page","link":"https:\/\/blogs.eleves.ens.fr\/srin\/","title":{"rendered":"Le s\u00e9minaire est termin\u00e9"},"content":{"rendered":"<p>Le cycle de conf\u00e9rences sur l&rsquo;image num\u00e9rique (2015-2016) est d\u00e9sormais clos.<\/p>\n<p>Pour l&rsquo;ann\u00e9e prochaine, nous nous joignons \u00e0 l&rsquo;organisation du s\u00e9minaire \u00ab\u00a0Post-Digital\u00a0\u00bb, qui est une collaboration entre l&rsquo;ENS, l&rsquo;Ensba et l&rsquo;EHESS. A raison de deux s\u00e9ances par mois, nous explorerons les divers lieux de rencontre entre nouvelles technologies et cr\u00e9ation artistique contemporaine, en alternant conf\u00e9rences magistrales et ateliers pratiques.<\/p>\n<p>Au plaisir de vous y voir d\u00e8s la rentr\u00e9e prochaine !<\/p>\n<p>&nbsp;<\/p>\n","protected":false},"excerpt":{"rendered":"<p>Le cycle de conf\u00e9rences sur l&rsquo;image num\u00e9rique (2015-2016) est d\u00e9sormais clos. Pour l&rsquo;ann\u00e9e prochaine, nous nous joignons \u00e0 l&rsquo;organisation du s\u00e9minaire \u00ab\u00a0Post-Digital\u00a0\u00bb, qui est une collaboration entre l&rsquo;ENS, l&rsquo;Ensba et l&rsquo;EHESS. A raison de deux s\u00e9ances par mois, nous explorerons les divers lieux de rencontre entre nouvelles technologies et cr\u00e9ation artistique contemporaine, en alternant conf\u00e9rences &hellip; <a href=\"https:\/\/blogs.eleves.ens.fr\/srin\/\" class=\"more-link\">Continuer la lecture de <span class=\"screen-reader-text\">Le s\u00e9minaire est termin\u00e9<\/span><\/a><\/p>\n","protected":false},"author":98,"featured_media":0,"parent":0,"menu_order":0,"comment_status":"closed","ping_status":"closed","template":"","meta":{"footnotes":""},"class_list":["post-205","page","type-page","status-publish","hentry"],"_links":{"self":[{"href":"https:\/\/blogs.eleves.ens.fr\/srin\/wp-json\/wp\/v2\/pages\/205","targetHints":{"allow":["GET"]}}],"collection":[{"href":"https:\/\/blogs.eleves.ens.fr\/srin\/wp-json\/wp\/v2\/pages"}],"about":[{"href":"https:\/\/blogs.eleves.ens.fr\/srin\/wp-json\/wp\/v2\/types\/page"}],"author":[{"embeddable":true,"href":"https:\/\/blogs.eleves.ens.fr\/srin\/wp-json\/wp\/v2\/users\/98"}],"replies":[{"embeddable":true,"href":"https:\/\/blogs.eleves.ens.fr\/srin\/wp-json\/wp\/v2\/comments?post=205"}],"version-history":[{"count":1,"href":"https:\/\/blogs.eleves.ens.fr\/srin\/wp-json\/wp\/v2\/pages\/205\/revisions"}],"predecessor-version":[{"id":206,"href":"https:\/\/blogs.eleves.ens.fr\/srin\/wp-json\/wp\/v2\/pages\/205\/revisions\/206"}],"wp:attachment":[{"href":"https:\/\/blogs.eleves.ens.fr\/srin\/wp-json\/wp\/v2\/media?parent=205"}],"curies":[{"name":"wp","href":"https:\/\/api.w.org\/{rel}","templated":true}]}}