{"id":183,"date":"2016-01-20T10:03:02","date_gmt":"2016-01-20T09:03:02","guid":{"rendered":"http:\/\/blogs.eleves.ens.fr\/srin\/?page_id=183"},"modified":"2016-01-20T10:10:05","modified_gmt":"2016-01-20T09:10:05","slug":"jean-ponce","status":"publish","type":"page","link":"https:\/\/blogs.eleves.ens.fr\/srin\/jean-ponce\/","title":{"rendered":"Jean Ponce"},"content":{"rendered":"<p>Professeur en informatique \u00e0 l&rsquo;ENS de Paris, directeur de l&rsquo;\u00e9quipe projet WILLOW (CNRS\/ENS\/Inria).<\/p>\n<p>Ses recherches portent sur la vision artificielle, le <em>machine learning<\/em>, et la robotique.<\/p>\n<p>Il est l&rsquo;auteur d&rsquo;un manuel de r\u00e9f\u00e9rence (David Forsyth et Jean Ponce, <em>Computer Vision: A Modern Approach<\/em>, Prentice-Hall, 2003), de trois ouvrages collectifs, de plus de cinquante articles de revue, et est r\u00e9guli\u00e8rement invit\u00e9 \u00e0 des conf\u00e9rences internationales.<\/p>\n<p>Page personnelle : <a href=\"http:\/\/www.di.ens.fr\/~ponce\/\">http:\/\/www.di.ens.fr\/~ponce\/<\/a><\/p>\n","protected":false},"excerpt":{"rendered":"<p>Professeur en informatique \u00e0 l&rsquo;ENS de Paris, directeur de l&rsquo;\u00e9quipe projet WILLOW (CNRS\/ENS\/Inria). Ses recherches portent sur la vision artificielle, le machine learning, et la robotique. Il est l&rsquo;auteur d&rsquo;un manuel de r\u00e9f\u00e9rence (David Forsyth et Jean Ponce, Computer Vision: A Modern Approach, Prentice-Hall, 2003), de trois ouvrages collectifs, de plus de cinquante articles de &hellip; <a href=\"https:\/\/blogs.eleves.ens.fr\/srin\/jean-ponce\/\" class=\"more-link\">Continuer la lecture de <span class=\"screen-reader-text\">Jean Ponce<\/span><\/a><\/p>\n","protected":false},"author":98,"featured_media":0,"parent":0,"menu_order":0,"comment_status":"closed","ping_status":"closed","template":"","meta":{"footnotes":""},"class_list":["post-183","page","type-page","status-publish","hentry"],"_links":{"self":[{"href":"https:\/\/blogs.eleves.ens.fr\/srin\/wp-json\/wp\/v2\/pages\/183","targetHints":{"allow":["GET"]}}],"collection":[{"href":"https:\/\/blogs.eleves.ens.fr\/srin\/wp-json\/wp\/v2\/pages"}],"about":[{"href":"https:\/\/blogs.eleves.ens.fr\/srin\/wp-json\/wp\/v2\/types\/page"}],"author":[{"embeddable":true,"href":"https:\/\/blogs.eleves.ens.fr\/srin\/wp-json\/wp\/v2\/users\/98"}],"replies":[{"embeddable":true,"href":"https:\/\/blogs.eleves.ens.fr\/srin\/wp-json\/wp\/v2\/comments?post=183"}],"version-history":[{"count":3,"href":"https:\/\/blogs.eleves.ens.fr\/srin\/wp-json\/wp\/v2\/pages\/183\/revisions"}],"predecessor-version":[{"id":188,"href":"https:\/\/blogs.eleves.ens.fr\/srin\/wp-json\/wp\/v2\/pages\/183\/revisions\/188"}],"wp:attachment":[{"href":"https:\/\/blogs.eleves.ens.fr\/srin\/wp-json\/wp\/v2\/media?parent=183"}],"curies":[{"name":"wp","href":"https:\/\/api.w.org\/{rel}","templated":true}]}}