{"id":181,"date":"2016-01-20T09:54:52","date_gmt":"2016-01-20T08:54:52","guid":{"rendered":"http:\/\/blogs.eleves.ens.fr\/srin\/?page_id=181"},"modified":"2016-01-20T09:54:52","modified_gmt":"2016-01-20T08:54:52","slug":"sophie-raux","status":"publish","type":"page","link":"https:\/\/blogs.eleves.ens.fr\/srin\/sophie-raux\/","title":{"rendered":"Sophie Raux"},"content":{"rendered":"<p>Ma\u00eetre de Conf\u00e9rences habilit\u00e9 en histoire de l&rsquo;art &#8211; Lille 3<\/p>\n<p>Ses travaux portent sur la peinture et les arts graphiques, les march\u00e9s artistiques, la construction culturelle et sociale de la valeur de l&rsquo;art, et les approches visuelles (anthropologie de l\u2019image, politiques du visuel, visualisation d\u2019informations et de donn\u00e9es appliqu\u00e9es \u00e0 l\u2019histoire de l\u2019art). Ses aires chronologiques et g\u00e9ographiques de pr\u00e9dilection sont la France et anciens Pays-Bas (XVe-XVIIIe si\u00e8cles).<\/p>\n<p>Publications r\u00e9centes :<\/p>\n<ul>\n<li>Daniel Dubuisson &amp; Sophie Raux (\u00e9ds), <em>\u00c0 perte de vue. Les nouveaux paradigmes du visuel<\/em>, Les Presses du R\u00e9el, 2015<\/li>\n<li>Neil De Marchi, Sophie Raux<span id=\"ProductDisplay1_crhsBehindTitleEDVZ_rptCRH_ctl04_lblAtTheEndMention2\"> (eds.)<\/span>, <span id=\"ProductDisplay1_lblTitle2\"><em>M<\/em><em>oving Pictures<\/em><\/span><em>. <span id=\"ProductDisplay1_lblSubTitle2\">Intra-European Trade in Images, 16th-18th Centuries<\/span><\/em><span id=\"ProductDisplay1_lblSubTitle2\">, Turnhout, Brepols, 2014<\/span><\/li>\n<\/ul>\n","protected":false},"excerpt":{"rendered":"<p>Ma\u00eetre de Conf\u00e9rences habilit\u00e9 en histoire de l&rsquo;art &#8211; Lille 3 Ses travaux portent sur la peinture et les arts graphiques, les march\u00e9s artistiques, la construction culturelle et sociale de la valeur de l&rsquo;art, et les approches visuelles (anthropologie de l\u2019image, politiques du visuel, visualisation d\u2019informations et de donn\u00e9es appliqu\u00e9es \u00e0 l\u2019histoire de l\u2019art). Ses &hellip; <a href=\"https:\/\/blogs.eleves.ens.fr\/srin\/sophie-raux\/\" class=\"more-link\">Continuer la lecture de <span class=\"screen-reader-text\">Sophie Raux<\/span><\/a><\/p>\n","protected":false},"author":98,"featured_media":0,"parent":0,"menu_order":0,"comment_status":"closed","ping_status":"closed","template":"","meta":{"footnotes":""},"class_list":["post-181","page","type-page","status-publish","hentry"],"_links":{"self":[{"href":"https:\/\/blogs.eleves.ens.fr\/srin\/wp-json\/wp\/v2\/pages\/181","targetHints":{"allow":["GET"]}}],"collection":[{"href":"https:\/\/blogs.eleves.ens.fr\/srin\/wp-json\/wp\/v2\/pages"}],"about":[{"href":"https:\/\/blogs.eleves.ens.fr\/srin\/wp-json\/wp\/v2\/types\/page"}],"author":[{"embeddable":true,"href":"https:\/\/blogs.eleves.ens.fr\/srin\/wp-json\/wp\/v2\/users\/98"}],"replies":[{"embeddable":true,"href":"https:\/\/blogs.eleves.ens.fr\/srin\/wp-json\/wp\/v2\/comments?post=181"}],"version-history":[{"count":1,"href":"https:\/\/blogs.eleves.ens.fr\/srin\/wp-json\/wp\/v2\/pages\/181\/revisions"}],"predecessor-version":[{"id":182,"href":"https:\/\/blogs.eleves.ens.fr\/srin\/wp-json\/wp\/v2\/pages\/181\/revisions\/182"}],"wp:attachment":[{"href":"https:\/\/blogs.eleves.ens.fr\/srin\/wp-json\/wp\/v2\/media?parent=181"}],"curies":[{"name":"wp","href":"https:\/\/api.w.org\/{rel}","templated":true}]}}