{"id":148,"date":"2015-11-09T10:41:18","date_gmt":"2015-11-09T09:41:18","guid":{"rendered":"http:\/\/blogs.eleves.ens.fr\/srin\/?page_id=148"},"modified":"2015-11-09T22:55:15","modified_gmt":"2015-11-09T21:55:15","slug":"patrick-peccatte","status":"publish","type":"page","link":"https:\/\/blogs.eleves.ens.fr\/srin\/patrick-peccatte\/","title":{"rendered":"Patrick Peccatte"},"content":{"rendered":"<p>Ancien professeur de math\u00e9matiques, Patrick Peccatte a travaill\u00e9 dans l\u2019informatique documentaire et la presse, avant de d\u00e9veloper la structure <em>Soft Experience <\/em>sp\u00e9cialis\u00e9e dans les technologies XML, les m\u00e9tadonn\u00e9es et les bases de donn\u00e9es d\u2019images num\u00e9riques. Il est actuellement chercheur associ\u00e9 au <em>Laboratoire d\u2019histoire visuelle contemporaine<\/em> (Lhivic\/EHESS).<\/p>\n<p>Ses travaux portent sur la philosophie de l&rsquo;information, la redocumentarisation, les th\u00e9ories de la fiction, et les dispositifs de figuration de la guerre dans la culture ordinaire.<\/p>\n<p>Page personnelle : http:\/\/dejavu.hypotheses.org\/a-propos<\/p>\n<p>Il proposera le 17 d\u00e9cembre 2015 un expos\u00e9 intitul\u00e9 \u00ab\u00a0Construire et d\u00e9crire un corpus d&rsquo;images\u00a0\u00bb.<\/p>\n","protected":false},"excerpt":{"rendered":"<p>Ancien professeur de math\u00e9matiques, Patrick Peccatte a travaill\u00e9 dans l\u2019informatique documentaire et la presse, avant de d\u00e9veloper la structure Soft Experience sp\u00e9cialis\u00e9e dans les technologies XML, les m\u00e9tadonn\u00e9es et les bases de donn\u00e9es d\u2019images num\u00e9riques. Il est actuellement chercheur associ\u00e9 au Laboratoire d\u2019histoire visuelle contemporaine (Lhivic\/EHESS). Ses travaux portent sur la philosophie de l&rsquo;information, la &hellip; <a href=\"https:\/\/blogs.eleves.ens.fr\/srin\/patrick-peccatte\/\" class=\"more-link\">Continuer la lecture de <span class=\"screen-reader-text\">Patrick Peccatte<\/span><\/a><\/p>\n","protected":false},"author":98,"featured_media":0,"parent":0,"menu_order":0,"comment_status":"closed","ping_status":"closed","template":"","meta":{"footnotes":""},"class_list":["post-148","page","type-page","status-publish","hentry"],"_links":{"self":[{"href":"https:\/\/blogs.eleves.ens.fr\/srin\/wp-json\/wp\/v2\/pages\/148","targetHints":{"allow":["GET"]}}],"collection":[{"href":"https:\/\/blogs.eleves.ens.fr\/srin\/wp-json\/wp\/v2\/pages"}],"about":[{"href":"https:\/\/blogs.eleves.ens.fr\/srin\/wp-json\/wp\/v2\/types\/page"}],"author":[{"embeddable":true,"href":"https:\/\/blogs.eleves.ens.fr\/srin\/wp-json\/wp\/v2\/users\/98"}],"replies":[{"embeddable":true,"href":"https:\/\/blogs.eleves.ens.fr\/srin\/wp-json\/wp\/v2\/comments?post=148"}],"version-history":[{"count":4,"href":"https:\/\/blogs.eleves.ens.fr\/srin\/wp-json\/wp\/v2\/pages\/148\/revisions"}],"predecessor-version":[{"id":155,"href":"https:\/\/blogs.eleves.ens.fr\/srin\/wp-json\/wp\/v2\/pages\/148\/revisions\/155"}],"wp:attachment":[{"href":"https:\/\/blogs.eleves.ens.fr\/srin\/wp-json\/wp\/v2\/media?parent=148"}],"curies":[{"name":"wp","href":"https:\/\/api.w.org\/{rel}","templated":true}]}}