{"id":108,"date":"2015-10-01T09:58:52","date_gmt":"2015-10-01T08:58:52","guid":{"rendered":"http:\/\/blogs.eleves.ens.fr\/srin\/?page_id=108"},"modified":"2015-10-01T10:09:43","modified_gmt":"2015-10-01T09:09:43","slug":"contact","status":"publish","type":"page","link":"https:\/\/blogs.eleves.ens.fr\/srin\/contact\/","title":{"rendered":"Contact"},"content":{"rendered":"<p>Vous avez une question ? Vous souhaitez \u00eatre tenu(e) au courant de l&rsquo;actualit\u00e9 du s\u00e9minaire ?<\/p>\n<p>Vous pouvez adresser vos questions ou demander \u00e0 rejoindre la mailing list du s\u00e9minaire \u00e0 l&rsquo;adresse suivante : galibert@clipper.ens.fr, ou suivre la page du s\u00e9minaire sur Facebook : <a href=\"https:\/\/www.facebook.com\/srin.ens\">https:\/\/www.facebook.com\/srin.ens<\/a><\/p>\n","protected":false},"excerpt":{"rendered":"<p>Vous avez une question ? Vous souhaitez \u00eatre tenu(e) au courant de l&rsquo;actualit\u00e9 du s\u00e9minaire ? Vous pouvez adresser vos questions ou demander \u00e0 rejoindre la mailing list du s\u00e9minaire \u00e0 l&rsquo;adresse suivante : galibert@clipper.ens.fr, ou suivre la page du s\u00e9minaire sur Facebook : https:\/\/www.facebook.com\/srin.ens<\/p>\n","protected":false},"author":98,"featured_media":0,"parent":0,"menu_order":0,"comment_status":"closed","ping_status":"closed","template":"","meta":{"footnotes":""},"class_list":["post-108","page","type-page","status-publish","hentry"],"_links":{"self":[{"href":"https:\/\/blogs.eleves.ens.fr\/srin\/wp-json\/wp\/v2\/pages\/108","targetHints":{"allow":["GET"]}}],"collection":[{"href":"https:\/\/blogs.eleves.ens.fr\/srin\/wp-json\/wp\/v2\/pages"}],"about":[{"href":"https:\/\/blogs.eleves.ens.fr\/srin\/wp-json\/wp\/v2\/types\/page"}],"author":[{"embeddable":true,"href":"https:\/\/blogs.eleves.ens.fr\/srin\/wp-json\/wp\/v2\/users\/98"}],"replies":[{"embeddable":true,"href":"https:\/\/blogs.eleves.ens.fr\/srin\/wp-json\/wp\/v2\/comments?post=108"}],"version-history":[{"count":3,"href":"https:\/\/blogs.eleves.ens.fr\/srin\/wp-json\/wp\/v2\/pages\/108\/revisions"}],"predecessor-version":[{"id":119,"href":"https:\/\/blogs.eleves.ens.fr\/srin\/wp-json\/wp\/v2\/pages\/108\/revisions\/119"}],"wp:attachment":[{"href":"https:\/\/blogs.eleves.ens.fr\/srin\/wp-json\/wp\/v2\/media?parent=108"}],"curies":[{"name":"wp","href":"https:\/\/api.w.org\/{rel}","templated":true}]}}