{"id":105,"date":"2015-10-01T09:56:49","date_gmt":"2015-10-01T08:56:49","guid":{"rendered":"http:\/\/blogs.eleves.ens.fr\/srin\/?page_id=105"},"modified":"2015-10-15T17:06:20","modified_gmt":"2015-10-15T16:06:20","slug":"ou-quand-qui-peut-venir","status":"publish","type":"page","link":"https:\/\/blogs.eleves.ens.fr\/srin\/ou-quand-qui-peut-venir\/","title":{"rendered":"FAQ et informations pratiques"},"content":{"rendered":"<p><strong>Qui peut venir ?<\/strong><\/p>\n<p>Le s\u00e9minaire est ouvert \u00e0 tout-e-s, \u00e9tudiants, chercheurs et simples curieux. Il n&rsquo;est pas n\u00e9cessaire d&rsquo;\u00eatre affili\u00e9 \u00e0 l&rsquo;ENS de Paris pour y assister. Aucune comp\u00e9tence en informatique n&rsquo;est requise.<\/p>\n<p><strong>O\u00f9 et quand ?<\/strong><\/p>\n<ul>\n<li>Un jeudi par mois<\/li>\n<li>18h-19h30<\/li>\n<li>Salle des R\u00e9sistants (prendre \u00e0 droite dans le hall et monter au premier \u00e9tage : c&rsquo;est indiqu\u00e9)<\/li>\n<li>\u00c9cole Normale Sup\u00e9rieure de Paris, 45 rue d&rsquo;Ulm, 75005<\/li>\n<li>Transports en commun : arr\u00eats Luxembourg (RER B), Censier-Daubenton, Place Monge (Ligne 7), Cardinal Lemoine (Ligne 10)<\/li>\n<\/ul>\n<p><strong>Puis-je valider le s\u00e9minaire dans le cadre de ma formation (licence, master, dipl\u00f4me de l&rsquo;ENS, ou autres) ?<\/strong><\/p>\n<p>Non, aucun travail de validation ne sera propos\u00e9&#8230;<\/p>\n","protected":false},"excerpt":{"rendered":"<p>Qui peut venir ? Le s\u00e9minaire est ouvert \u00e0 tout-e-s, \u00e9tudiants, chercheurs et simples curieux. Il n&rsquo;est pas n\u00e9cessaire d&rsquo;\u00eatre affili\u00e9 \u00e0 l&rsquo;ENS de Paris pour y assister. Aucune comp\u00e9tence en informatique n&rsquo;est requise. O\u00f9 et quand ? Un jeudi par mois 18h-19h30 Salle des R\u00e9sistants (prendre \u00e0 droite dans le hall et monter au &hellip; <a href=\"https:\/\/blogs.eleves.ens.fr\/srin\/ou-quand-qui-peut-venir\/\" class=\"more-link\">Continuer la lecture de <span class=\"screen-reader-text\">FAQ et informations pratiques<\/span><\/a><\/p>\n","protected":false},"author":98,"featured_media":0,"parent":0,"menu_order":0,"comment_status":"closed","ping_status":"closed","template":"","meta":{"footnotes":""},"class_list":["post-105","page","type-page","status-publish","hentry"],"_links":{"self":[{"href":"https:\/\/blogs.eleves.ens.fr\/srin\/wp-json\/wp\/v2\/pages\/105","targetHints":{"allow":["GET"]}}],"collection":[{"href":"https:\/\/blogs.eleves.ens.fr\/srin\/wp-json\/wp\/v2\/pages"}],"about":[{"href":"https:\/\/blogs.eleves.ens.fr\/srin\/wp-json\/wp\/v2\/types\/page"}],"author":[{"embeddable":true,"href":"https:\/\/blogs.eleves.ens.fr\/srin\/wp-json\/wp\/v2\/users\/98"}],"replies":[{"embeddable":true,"href":"https:\/\/blogs.eleves.ens.fr\/srin\/wp-json\/wp\/v2\/comments?post=105"}],"version-history":[{"count":14,"href":"https:\/\/blogs.eleves.ens.fr\/srin\/wp-json\/wp\/v2\/pages\/105\/revisions"}],"predecessor-version":[{"id":139,"href":"https:\/\/blogs.eleves.ens.fr\/srin\/wp-json\/wp\/v2\/pages\/105\/revisions\/139"}],"wp:attachment":[{"href":"https:\/\/blogs.eleves.ens.fr\/srin\/wp-json\/wp\/v2\/media?parent=105"}],"curies":[{"name":"wp","href":"https:\/\/api.w.org\/{rel}","templated":true}]}}