{"id":2,"date":"2020-09-19T15:41:13","date_gmt":"2020-09-19T13:41:13","guid":{"rendered":"https:\/\/blogs.eleves.ens.fr\/jurisprudens\/?page_id=2"},"modified":"2023-02-04T15:41:23","modified_gmt":"2023-02-04T14:41:23","slug":"page-d-exemple","status":"publish","type":"page","link":"https:\/\/blogs.eleves.ens.fr\/jurisprudens\/","title":{"rendered":"Accueil"},"content":{"rendered":"<h2>ATTENTION : CE SITE N&rsquo;EST PLUS MIS \u00c0 JOUR. RENDEZ-VOUS SUR NOTRE <a href=\"https:\/\/jurisprudens.weebly.com\/\">NOUVEAU SITE<\/a> (<a href=\"https:\/\/jurisprudens.weebly.com\/\">jurisprudens.weebly.com<\/a>).<\/h2>\n<h2>&nbsp;<\/h2>\n<h2>En savoir plus sur le droit, l&rsquo;\u00e9tude du droit et ses droits.<\/h2>\n<p>Beaucoup de choses tournent autour du droit dans la vie&#8230; JurisprudENS est l\u00e0 pour vous aider \u00e0 y faire face !<\/p>\n<blockquote>\n<p>Le droit, \u00e7a a l&rsquo;air vraiment difficile&#8230; Comment puis-je faire pour m&rsquo;y initier sans trop perdre de temps dans ma scolarit\u00e9 ?<\/p>\n<\/blockquote>\n<p>C&rsquo;est tr\u00e8s simple ! L&rsquo;ENS a tout pr\u00e9vu, et nous aussi. Il suffit de s&rsquo;inscrire \u00e0 des cours d&rsquo;introduction ou, si vous ne souhaitez qu&rsquo;avoir une premi\u00e8re approche de la mati\u00e8re pour voir si elle vous pla\u00eet, vous inscrire aux <a href=\"https:\/\/blogs.eleves.ens.fr\/jurisprudens\/evenements-juridiques\/\">cours d&rsquo;introduction au droit<\/a>. Venez sur la page qui y est d\u00e9di\u00e9e si \u00e7a vous int\u00e9resse.<\/p>\n<blockquote>\n<p>Je suis \u00e9l\u00e8ve fonctionnaire en stage et j&rsquo;ai des probl\u00e8mes avec mon universit\u00e9, qui ne comprend pas que je ne peux pas \u00eatre r\u00e9mun\u00e9r\u00e9\u00b7e au titre de mon stage&#8230; Comment leur expliquer ?<\/p>\n<\/blockquote>\n<p>Pour ce genre de probl\u00e9matiques, il faut contacter la clinique juridique de l&rsquo;\u00c9cole ! Venez sur <a href=\"https:\/\/blogs.eleves.ens.fr\/jurisprudens\/jai-un-probleme-juridique\/\">sa page<\/a> !<\/p>\n<p><\/p>\n<p>Pour nous \u00e9crire : <a href=\"mailto:jurisprudens@ens.psl.eu\">jurisprudens@ens.psl.eu<\/a><\/p>\n\n\n<p><\/p>\n","protected":false},"excerpt":{"rendered":"<p>ATTENTION : CE SITE N&rsquo;EST PLUS MIS \u00c0 JOUR. RENDEZ-VOUS SUR NOTRE NOUVEAU SITE (jurisprudens.weebly.com). &nbsp; En savoir plus sur le droit, l&rsquo;\u00e9tude du droit et ses droits. Beaucoup de choses tournent autour du droit dans la vie&#8230; JurisprudENS est l\u00e0 pour vous aider \u00e0 y faire face ! Le droit, \u00e7a a l&rsquo;air vraiment &hellip; <a href=\"https:\/\/blogs.eleves.ens.fr\/jurisprudens\/\" class=\"more-link\">Continuer la lecture de <span class=\"screen-reader-text\">Accueil<\/span> <span class=\"meta-nav\">&rarr;<\/span><\/a><\/p>\n","protected":false},"author":241,"featured_media":0,"parent":0,"menu_order":0,"comment_status":"closed","ping_status":"closed","template":"","meta":{"footnotes":""},"class_list":["post-2","page","type-page","status-publish","hentry"],"_links":{"self":[{"href":"https:\/\/blogs.eleves.ens.fr\/jurisprudens\/wp-json\/wp\/v2\/pages\/2","targetHints":{"allow":["GET"]}}],"collection":[{"href":"https:\/\/blogs.eleves.ens.fr\/jurisprudens\/wp-json\/wp\/v2\/pages"}],"about":[{"href":"https:\/\/blogs.eleves.ens.fr\/jurisprudens\/wp-json\/wp\/v2\/types\/page"}],"author":[{"embeddable":true,"href":"https:\/\/blogs.eleves.ens.fr\/jurisprudens\/wp-json\/wp\/v2\/users\/241"}],"replies":[{"embeddable":true,"href":"https:\/\/blogs.eleves.ens.fr\/jurisprudens\/wp-json\/wp\/v2\/comments?post=2"}],"version-history":[{"count":7,"href":"https:\/\/blogs.eleves.ens.fr\/jurisprudens\/wp-json\/wp\/v2\/pages\/2\/revisions"}],"predecessor-version":[{"id":139,"href":"https:\/\/blogs.eleves.ens.fr\/jurisprudens\/wp-json\/wp\/v2\/pages\/2\/revisions\/139"}],"wp:attachment":[{"href":"https:\/\/blogs.eleves.ens.fr\/jurisprudens\/wp-json\/wp\/v2\/media?parent=2"}],"curies":[{"name":"wp","href":"https:\/\/api.w.org\/{rel}","templated":true}]}}