{"id":14,"date":"2016-06-08T13:07:28","date_gmt":"2016-06-08T12:07:28","guid":{"rendered":"http:\/\/blogs.eleves.ens.fr\/clubbouffe\/?page_id=14"},"modified":"2016-06-08T20:29:47","modified_gmt":"2016-06-08T18:29:47","slug":"a-propos","status":"publish","type":"page","link":"https:\/\/blogs.eleves.ens.fr\/clubbouffe\/a-propos\/","title":{"rendered":"\u00c0 propos"},"content":{"rendered":"<p>Le Club Bouffe de l&rsquo;ENS rassemble f\u00e9ru-e-s de cuisine, passionn\u00e9-e-s de la p\u00e2tisserie mais aussi n\u00e9ophytes enthousiastes et curieu-x-ses en tout genre. Vous pourrez nous\u00a0 etrouver aux 48 heures des Arts de l&rsquo;ENS ou au Gala de la Nuit, o\u00f9 notre misson est de remplir les panses de normaliens et normaliennes affam\u00e9-e-s. Mais lorsque l&rsquo;envie nous<br \/>\nen prend, nous organisons aussi brunchs, go\u00fbters et autres buffets &#8211; tout cela \u00e9videmment dans une ambiance conviviale et bonne enfant.<\/p>\n<p>Nul besoin de savoir cuisiner ; il suffit d&rsquo;\u00eatre pr\u00eat-e \u00e0 mettre la main \u00e0 la p\u00e2te ! Rejoignez-nous d\u00e8s mainenant avec vos recettes pr\u00e9f\u00e9r\u00e9es et vos envies de d\u00e9couvertes culinaires : vous serez toujours les bienvenu-e-s.<\/p>\n<p>Et si vous h\u00e9sitez encore, inscrivez-vous \u00e0 la liste de diffusion et\/ou faites un tour sur la page FB\u00a0 pour \u00eatre tenu-e-s au courant de tous les \u00e9v\u00e9nements!<\/p>\n<p>Contact : club-bouffe(arobase)ens(point)fr<\/p>\n","protected":false},"excerpt":{"rendered":"<p>Le Club Bouffe de l&rsquo;ENS rassemble f\u00e9ru-e-s de cuisine, passionn\u00e9-e-s de la p\u00e2tisserie mais aussi n\u00e9ophytes enthousiastes et curieu-x-ses en tout genre. Vous pourrez nous\u00a0 etrouver aux 48 heures des Arts de l&rsquo;ENS ou au Gala de la Nuit, o\u00f9 &hellip; <a href=\"https:\/\/blogs.eleves.ens.fr\/clubbouffe\/a-propos\/\">Continuer la lecture <span class=\"meta-nav\">&rarr;<\/span><\/a><\/p>\n","protected":false},"author":139,"featured_media":0,"parent":0,"menu_order":0,"comment_status":"closed","ping_status":"closed","template":"","meta":{"footnotes":""},"class_list":["post-14","page","type-page","status-publish","hentry"],"_links":{"self":[{"href":"https:\/\/blogs.eleves.ens.fr\/clubbouffe\/wp-json\/wp\/v2\/pages\/14","targetHints":{"allow":["GET"]}}],"collection":[{"href":"https:\/\/blogs.eleves.ens.fr\/clubbouffe\/wp-json\/wp\/v2\/pages"}],"about":[{"href":"https:\/\/blogs.eleves.ens.fr\/clubbouffe\/wp-json\/wp\/v2\/types\/page"}],"author":[{"embeddable":true,"href":"https:\/\/blogs.eleves.ens.fr\/clubbouffe\/wp-json\/wp\/v2\/users\/139"}],"replies":[{"embeddable":true,"href":"https:\/\/blogs.eleves.ens.fr\/clubbouffe\/wp-json\/wp\/v2\/comments?post=14"}],"version-history":[{"count":4,"href":"https:\/\/blogs.eleves.ens.fr\/clubbouffe\/wp-json\/wp\/v2\/pages\/14\/revisions"}],"predecessor-version":[{"id":60,"href":"https:\/\/blogs.eleves.ens.fr\/clubbouffe\/wp-json\/wp\/v2\/pages\/14\/revisions\/60"}],"wp:attachment":[{"href":"https:\/\/blogs.eleves.ens.fr\/clubbouffe\/wp-json\/wp\/v2\/media?parent=14"}],"curies":[{"name":"wp","href":"https:\/\/api.w.org\/{rel}","templated":true}]}}